{"id":545,"date":"2023-08-15T10:54:14","date_gmt":"2023-08-15T13:54:14","guid":{"rendered":"https:\/\/campingpaineiras.com.br\/?post_type=product&#038;p=545"},"modified":"2025-12-24T12:00:23","modified_gmt":"2025-12-24T15:00:23","slug":"chale-40","status":"publish","type":"product","link":"https:\/\/campingpaineiras.com.br\/?product=chale-40","title":{"rendered":"Chal\u00e9 40"},"content":{"rendered":"<p>Chal\u00e9 feito em Alvenaria com 2 quartos sendo 1 com cama de casal e 1 beliche, e o outro com 1 cama de casal.<\/p>\n<p><strong>Aten\u00e7\u00e3o: Todos os nossos chal\u00e9s possuem liga\u00e7\u00e3o de 220v!<\/strong><\/p>\n<p><em>N\u00e3o inclui enxoval.<\/em><\/p>\n","protected":false},"excerpt":{"rendered":"<p>Chal\u00e9 feito em Alvenaria com 2 quartos sendo 1 com cama de casal e 1 beliche, e o outro com 1 cama de casal. Aten\u00e7\u00e3o: Todos os nossos chal\u00e9s possuem liga\u00e7\u00e3o de 220v! N\u00e3o inclui enxoval.<\/p>\n","protected":false},"featured_media":696,"comment_status":"open","ping_status":"closed","template":"","meta":[],"product_cat":[91],"product_tag":[],"_links":{"self":[{"href":"https:\/\/campingpaineiras.com.br\/index.php?rest_route=\/wp\/v2\/product\/545"}],"collection":[{"href":"https:\/\/campingpaineiras.com.br\/index.php?rest_route=\/wp\/v2\/product"}],"about":[{"href":"https:\/\/campingpaineiras.com.br\/index.php?rest_route=\/wp\/v2\/types\/product"}],"replies":[{"embeddable":true,"href":"https:\/\/campingpaineiras.com.br\/index.php?rest_route=%2Fwp%2Fv2%2Fcomments&post=545"}],"wp:featuredmedia":[{"embeddable":true,"href":"https:\/\/campingpaineiras.com.br\/index.php?rest_route=\/wp\/v2\/media\/696"}],"wp:attachment":[{"href":"https:\/\/campingpaineiras.com.br\/index.php?rest_route=%2Fwp%2Fv2%2Fmedia&parent=545"}],"wp:term":[{"taxonomy":"product_cat","embeddable":true,"href":"https:\/\/campingpaineiras.com.br\/index.php?rest_route=%2Fwp%2Fv2%2Fproduct_cat&post=545"},{"taxonomy":"product_tag","embeddable":true,"href":"https:\/\/campingpaineiras.com.br\/index.php?rest_route=%2Fwp%2Fv2%2Fproduct_tag&post=545"}],"curies":[{"name":"wp","href":"https:\/\/api.w.org\/{rel}","templated":true}]}}