{"id":540,"date":"2023-08-15T10:52:38","date_gmt":"2023-08-15T13:52:38","guid":{"rendered":"https:\/\/campingpaineiras.com.br\/?post_type=product&#038;p=540"},"modified":"2025-11-03T20:49:32","modified_gmt":"2025-11-03T23:49:32","slug":"chale-80","status":"publish","type":"product","link":"https:\/\/campingpaineiras.com.br\/?product=chale-80","title":{"rendered":"Chal\u00e9 80"},"content":{"rendered":"<p>Chal\u00e9 feito em Alvenaria de c\u00f4modo \u00fanico, 1 cama de casal e 1 cama de solteiro.<\/p>\n<p><strong>Aten\u00e7\u00e3o: Todos os nossos chal\u00e9s possuem liga\u00e7\u00e3o de 220v!<\/strong><\/p>\n<p><em>N\u00e3o inclui enxoval.<\/em><\/p>\n","protected":false},"excerpt":{"rendered":"<p>Chal\u00e9 feito em Alvenaria de c\u00f4modo \u00fanico, 1 cama de casal e 1 cama de solteiro. Aten\u00e7\u00e3o: Todos os nossos chal\u00e9s possuem liga\u00e7\u00e3o de 220v! N\u00e3o inclui enxoval.<\/p>\n","protected":false},"featured_media":699,"comment_status":"open","ping_status":"closed","template":"","meta":[],"product_cat":[91],"product_tag":[],"_links":{"self":[{"href":"https:\/\/campingpaineiras.com.br\/index.php?rest_route=\/wp\/v2\/product\/540"}],"collection":[{"href":"https:\/\/campingpaineiras.com.br\/index.php?rest_route=\/wp\/v2\/product"}],"about":[{"href":"https:\/\/campingpaineiras.com.br\/index.php?rest_route=\/wp\/v2\/types\/product"}],"replies":[{"embeddable":true,"href":"https:\/\/campingpaineiras.com.br\/index.php?rest_route=%2Fwp%2Fv2%2Fcomments&post=540"}],"wp:featuredmedia":[{"embeddable":true,"href":"https:\/\/campingpaineiras.com.br\/index.php?rest_route=\/wp\/v2\/media\/699"}],"wp:attachment":[{"href":"https:\/\/campingpaineiras.com.br\/index.php?rest_route=%2Fwp%2Fv2%2Fmedia&parent=540"}],"wp:term":[{"taxonomy":"product_cat","embeddable":true,"href":"https:\/\/campingpaineiras.com.br\/index.php?rest_route=%2Fwp%2Fv2%2Fproduct_cat&post=540"},{"taxonomy":"product_tag","embeddable":true,"href":"https:\/\/campingpaineiras.com.br\/index.php?rest_route=%2Fwp%2Fv2%2Fproduct_tag&post=540"}],"curies":[{"name":"wp","href":"https:\/\/api.w.org\/{rel}","templated":true}]}}