{"id":419,"date":"2023-08-14T08:01:33","date_gmt":"2023-08-14T11:01:33","guid":{"rendered":"https:\/\/campingpaineiras.com.br\/?post_type=product&#038;p=419"},"modified":"2025-11-03T20:49:48","modified_gmt":"2025-11-03T23:49:48","slug":"chale-no-lago","status":"publish","type":"product","link":"https:\/\/campingpaineiras.com.br\/?product=chale-no-lago","title":{"rendered":"Chal\u00e9 no Lago"},"content":{"rendered":"<p>Chal\u00e9 feito em Madeira em frente ao lago.<\/p>\n<p>Possui 1 quartos, 1 copa e 1 banheiro, equipado com \u00e1rea gourmet com churrasqueira.<\/p>\n<p><strong>Aten\u00e7\u00e3o: Todos os nossos chal\u00e9s possuem liga\u00e7\u00e3o de 220v!<\/strong><\/p>\n<p><em>N\u00e3o inclui enxoval.<\/em><\/p>\n","protected":false},"excerpt":{"rendered":"<p>Chal\u00e9 feito em Madeira em frente ao lago. Possui 1 quartos, 1 copa e 1 banheiro, equipado com \u00e1rea gourmet com churrasqueira. Aten\u00e7\u00e3o: Todos os nossos chal\u00e9s possuem liga\u00e7\u00e3o de 220v! N\u00e3o inclui enxoval.<\/p>\n","protected":false},"featured_media":420,"comment_status":"open","ping_status":"closed","template":"","meta":[],"product_cat":[95],"product_tag":[],"_links":{"self":[{"href":"https:\/\/campingpaineiras.com.br\/index.php?rest_route=\/wp\/v2\/product\/419"}],"collection":[{"href":"https:\/\/campingpaineiras.com.br\/index.php?rest_route=\/wp\/v2\/product"}],"about":[{"href":"https:\/\/campingpaineiras.com.br\/index.php?rest_route=\/wp\/v2\/types\/product"}],"replies":[{"embeddable":true,"href":"https:\/\/campingpaineiras.com.br\/index.php?rest_route=%2Fwp%2Fv2%2Fcomments&post=419"}],"wp:featuredmedia":[{"embeddable":true,"href":"https:\/\/campingpaineiras.com.br\/index.php?rest_route=\/wp\/v2\/media\/420"}],"wp:attachment":[{"href":"https:\/\/campingpaineiras.com.br\/index.php?rest_route=%2Fwp%2Fv2%2Fmedia&parent=419"}],"wp:term":[{"taxonomy":"product_cat","embeddable":true,"href":"https:\/\/campingpaineiras.com.br\/index.php?rest_route=%2Fwp%2Fv2%2Fproduct_cat&post=419"},{"taxonomy":"product_tag","embeddable":true,"href":"https:\/\/campingpaineiras.com.br\/index.php?rest_route=%2Fwp%2Fv2%2Fproduct_tag&post=419"}],"curies":[{"name":"wp","href":"https:\/\/api.w.org\/{rel}","templated":true}]}}