{"id":403,"date":"2023-08-14T07:48:42","date_gmt":"2023-08-14T10:48:42","guid":{"rendered":"https:\/\/campingpaineiras.com.br\/?post_type=product&#038;p=403"},"modified":"2026-02-13T10:09:14","modified_gmt":"2026-02-13T13:09:14","slug":"chale-30","status":"publish","type":"product","link":"https:\/\/campingpaineiras.com.br\/?product=chale-30","title":{"rendered":"Chal\u00e9 30"},"content":{"rendered":"<p>Chal\u00e9 feito em Alvenaria com 2 quartos, 1 sala integrada com cozinha e 1 banheiros, equipado com \u00e1rea gourmet com churrasqueira, e amplo quintal para confraterniza\u00e7\u00f5es.<\/p>\n<p><strong>Aten\u00e7\u00e3o: Todos os nossos chal\u00e9s possuem liga\u00e7\u00e3o de 220v!<\/strong><\/p>\n<p><em>N\u00e3o inclui enxoval.<\/em><\/p>\n","protected":false},"excerpt":{"rendered":"<p>Chal\u00e9 feito em Alvenaria com 2 quartos, 1 sala integrada com cozinha e 1 banheiros, equipado com \u00e1rea gourmet com churrasqueira, e amplo quintal para confraterniza\u00e7\u00f5es. Aten\u00e7\u00e3o: Todos os nossos chal\u00e9s possuem liga\u00e7\u00e3o de 220v! N\u00e3o inclui enxoval.<\/p>\n","protected":false},"featured_media":1114,"comment_status":"open","ping_status":"closed","template":"","meta":[],"product_cat":[91],"product_tag":[],"_links":{"self":[{"href":"https:\/\/campingpaineiras.com.br\/index.php?rest_route=\/wp\/v2\/product\/403"}],"collection":[{"href":"https:\/\/campingpaineiras.com.br\/index.php?rest_route=\/wp\/v2\/product"}],"about":[{"href":"https:\/\/campingpaineiras.com.br\/index.php?rest_route=\/wp\/v2\/types\/product"}],"replies":[{"embeddable":true,"href":"https:\/\/campingpaineiras.com.br\/index.php?rest_route=%2Fwp%2Fv2%2Fcomments&post=403"}],"wp:featuredmedia":[{"embeddable":true,"href":"https:\/\/campingpaineiras.com.br\/index.php?rest_route=\/wp\/v2\/media\/1114"}],"wp:attachment":[{"href":"https:\/\/campingpaineiras.com.br\/index.php?rest_route=%2Fwp%2Fv2%2Fmedia&parent=403"}],"wp:term":[{"taxonomy":"product_cat","embeddable":true,"href":"https:\/\/campingpaineiras.com.br\/index.php?rest_route=%2Fwp%2Fv2%2Fproduct_cat&post=403"},{"taxonomy":"product_tag","embeddable":true,"href":"https:\/\/campingpaineiras.com.br\/index.php?rest_route=%2Fwp%2Fv2%2Fproduct_tag&post=403"}],"curies":[{"name":"wp","href":"https:\/\/api.w.org\/{rel}","templated":true}]}}