{"id":562,"date":"2023-08-21T13:35:34","date_gmt":"2023-08-21T16:35:34","guid":{"rendered":"https:\/\/campingpaineiras.com.br\/?page_id=562"},"modified":"2026-02-24T18:36:32","modified_gmt":"2026-02-24T21:36:32","slug":"tabela-de-precos-2023","status":"publish","type":"page","link":"https:\/\/campingpaineiras.com.br\/?page_id=562","title":{"rendered":"Tabela de Pre\u00e7os 2025"},"content":{"rendered":"\t\t<div data-elementor-type=\"wp-page\" data-elementor-id=\"562\" class=\"elementor elementor-562\">\n\t\t\t\t\t\t\t\t\t<section class=\"elementor-section elementor-top-section elementor-element elementor-element-214ae7ae elementor-section-boxed elementor-section-height-default elementor-section-height-default wpr-particle-no wpr-jarallax-no wpr-parallax-no wpr-sticky-section-no\" data-id=\"214ae7ae\" data-element_type=\"section\">\n\t\t\t\t\t\t<div class=\"elementor-container elementor-column-gap-default\">\n\t\t\t\t\t<div class=\"elementor-column elementor-col-100 elementor-top-column elementor-element elementor-element-4d9782c5\" data-id=\"4d9782c5\" data-element_type=\"column\">\n\t\t\t<div class=\"elementor-widget-wrap elementor-element-populated\">\n\t\t\t\t\t\t\t\t<div class=\"elementor-element elementor-element-de7e83e elementor-widget elementor-widget-heading\" data-id=\"de7e83e\" data-element_type=\"widget\" data-widget_type=\"heading.default\">\n\t\t\t\t<div class=\"elementor-widget-container\">\n\t\t\t<style>\/*! elementor - v3.14.0 - 26-06-2023 *\/\n.elementor-heading-title{padding:0;margin:0;line-height:1}.elementor-widget-heading .elementor-heading-title[class*=elementor-size-]>a{color:inherit;font-size:inherit;line-height:inherit}.elementor-widget-heading .elementor-heading-title.elementor-size-small{font-size:15px}.elementor-widget-heading .elementor-heading-title.elementor-size-medium{font-size:19px}.elementor-widget-heading .elementor-heading-title.elementor-size-large{font-size:29px}.elementor-widget-heading .elementor-heading-title.elementor-size-xl{font-size:39px}.elementor-widget-heading .elementor-heading-title.elementor-size-xxl{font-size:59px}<\/style><h2 class=\"elementor-heading-title elementor-size-default\">Tabela de Pre\u00e7os<\/h2>\t\t<\/div>\n\t\t\t\t<\/div>\n\t\t\t\t<div class=\"elementor-element elementor-element-fb0978d elementor-widget elementor-widget-text-editor\" data-id=\"fb0978d\" data-element_type=\"widget\" data-widget_type=\"text-editor.default\">\n\t\t\t\t<div class=\"elementor-widget-container\">\n\t\t\t<style>\/*! elementor - v3.14.0 - 26-06-2023 *\/\n.elementor-widget-text-editor.elementor-drop-cap-view-stacked .elementor-drop-cap{background-color:#69727d;color:#fff}.elementor-widget-text-editor.elementor-drop-cap-view-framed .elementor-drop-cap{color:#69727d;border:3px solid;background-color:transparent}.elementor-widget-text-editor:not(.elementor-drop-cap-view-default) .elementor-drop-cap{margin-top:8px}.elementor-widget-text-editor:not(.elementor-drop-cap-view-default) .elementor-drop-cap-letter{width:1em;height:1em}.elementor-widget-text-editor .elementor-drop-cap{float:left;text-align:center;line-height:1;font-size:50px}.elementor-widget-text-editor .elementor-drop-cap-letter{display:inline-block}<\/style>\t\t\t\t<p><!-- wp:paragraph --><\/p>\n<h5><strong>Day Use\u00a0<\/strong><\/h5>\n<p><strong>Das 7h \u00e0s 18h<br \/><\/strong><span style=\"font-weight: bolder;\">Crian\u00e7a at\u00e9 5 anos n\u00e3o paga<\/span><\/p>\n<p><span style=\"font-weight: bolder;\">\u00a0<\/span><\/p>\n<p>\u2022 Por pessoa: R$ 75,00<\/p>\n<p>\u2022 Casal: R$ 130,00<\/p>\n<p>\u2022 Crian\u00e7as (6 a 10 anos): R$ 35,00<\/p>\n<p>Observa\u00e7\u00e3o: N\u00e3o fazemos reserva, \u00e9 por ordem de chegada.<\/p>\n<p>\u00a0<\/p>\n<p><!-- \/wp:paragraph --><\/p>\t\t\t\t\t\t<\/div>\n\t\t\t\t<\/div>\n\t\t\t\t<div class=\"elementor-element elementor-element-157ec6b elementor-widget-divider--view-line elementor-widget elementor-widget-divider\" data-id=\"157ec6b\" data-element_type=\"widget\" data-widget_type=\"divider.default\">\n\t\t\t\t<div class=\"elementor-widget-container\">\n\t\t\t<style>\/*! elementor - v3.14.0 - 26-06-2023 *\/\n.elementor-widget-divider{--divider-border-style:none;--divider-border-width:1px;--divider-color:#0c0d0e;--divider-icon-size:20px;--divider-element-spacing:10px;--divider-pattern-height:24px;--divider-pattern-size:20px;--divider-pattern-url:none;--divider-pattern-repeat:repeat-x}.elementor-widget-divider .elementor-divider{display:flex}.elementor-widget-divider .elementor-divider__text{font-size:15px;line-height:1;max-width:95%}.elementor-widget-divider .elementor-divider__element{margin:0 var(--divider-element-spacing);flex-shrink:0}.elementor-widget-divider .elementor-icon{font-size:var(--divider-icon-size)}.elementor-widget-divider .elementor-divider-separator{display:flex;margin:0;direction:ltr}.elementor-widget-divider--view-line_icon .elementor-divider-separator,.elementor-widget-divider--view-line_text .elementor-divider-separator{align-items:center}.elementor-widget-divider--view-line_icon .elementor-divider-separator:after,.elementor-widget-divider--view-line_icon .elementor-divider-separator:before,.elementor-widget-divider--view-line_text .elementor-divider-separator:after,.elementor-widget-divider--view-line_text .elementor-divider-separator:before{display:block;content:\"\";border-bottom:0;flex-grow:1;border-top:var(--divider-border-width) var(--divider-border-style) var(--divider-color)}.elementor-widget-divider--element-align-left .elementor-divider .elementor-divider-separator>.elementor-divider__svg:first-of-type{flex-grow:0;flex-shrink:100}.elementor-widget-divider--element-align-left .elementor-divider-separator:before{content:none}.elementor-widget-divider--element-align-left .elementor-divider__element{margin-left:0}.elementor-widget-divider--element-align-right .elementor-divider .elementor-divider-separator>.elementor-divider__svg:last-of-type{flex-grow:0;flex-shrink:100}.elementor-widget-divider--element-align-right .elementor-divider-separator:after{content:none}.elementor-widget-divider--element-align-right .elementor-divider__element{margin-right:0}.elementor-widget-divider:not(.elementor-widget-divider--view-line_text):not(.elementor-widget-divider--view-line_icon) .elementor-divider-separator{border-top:var(--divider-border-width) var(--divider-border-style) var(--divider-color)}.elementor-widget-divider--separator-type-pattern{--divider-border-style:none}.elementor-widget-divider--separator-type-pattern.elementor-widget-divider--view-line .elementor-divider-separator,.elementor-widget-divider--separator-type-pattern:not(.elementor-widget-divider--view-line) .elementor-divider-separator:after,.elementor-widget-divider--separator-type-pattern:not(.elementor-widget-divider--view-line) .elementor-divider-separator:before,.elementor-widget-divider--separator-type-pattern:not([class*=elementor-widget-divider--view]) .elementor-divider-separator{width:100%;min-height:var(--divider-pattern-height);-webkit-mask-size:var(--divider-pattern-size) 100%;mask-size:var(--divider-pattern-size) 100%;-webkit-mask-repeat:var(--divider-pattern-repeat);mask-repeat:var(--divider-pattern-repeat);background-color:var(--divider-color);-webkit-mask-image:var(--divider-pattern-url);mask-image:var(--divider-pattern-url)}.elementor-widget-divider--no-spacing{--divider-pattern-size:auto}.elementor-widget-divider--bg-round{--divider-pattern-repeat:round}.rtl .elementor-widget-divider .elementor-divider__text{direction:rtl}.e-con-inner>.elementor-widget-divider,.e-con>.elementor-widget-divider{width:var(--container-widget-width,100%);--flex-grow:var(--container-widget-flex-grow)}<\/style>\t\t<div class=\"elementor-divider\">\n\t\t\t<span class=\"elementor-divider-separator\">\n\t\t\t\t\t\t<\/span>\n\t\t<\/div>\n\t\t\t\t<\/div>\n\t\t\t\t<\/div>\n\t\t\t\t<div class=\"elementor-element elementor-element-415c627 elementor-widget elementor-widget-text-editor\" data-id=\"415c627\" data-element_type=\"widget\" data-widget_type=\"text-editor.default\">\n\t\t\t\t<div class=\"elementor-widget-container\">\n\t\t\t\t\t\t\t<p><!-- wp:paragraph --><\/p>\n<p><strong>Acampamento \/ Motorhome<\/strong><\/p>\n<div>\n<div>\u00a0<\/div>\n<div>Crian\u00e7a at\u00e9 5 anos n\u00e3o paga<\/div>\n<div>Di\u00e1ria das 18h \u00e0s 18h (liberamos a entrada a partir das 16h30).<\/div>\n<div>\u00a0<\/div>\n<p>\u00a0<\/p>\n<div>\n<p><strong>Uma di\u00e1ria:<\/strong><\/p>\n<p>Casal: R$ 140,00<\/p>\n<p>Individual: R$ 85,00<\/p>\n<p>Crian\u00e7as de 6 a 10 anos: R$ 40,00<\/p>\n<p>\u00a0<\/p>\n<p><strong>A partir de duas di\u00e1rias:<\/strong><\/p>\n<p>Casal: R$ 130,00<\/p>\n<p>Individual: R$ 75,00<\/p>\n<p>Crian\u00e7as de 6 a 10 anos: R$ 35,00<\/p>\n<p>\u00a0<\/p>\n<p>\u2013 Acampamento n\u00e3o fazemos reservas; Motor home necess\u00e1rio fazer reserva.<br \/>\u2013 Voltagem 220 V.<\/p>\n<p>\u00a0<\/p>\n<p>*Acampamento n\u00e3o fazemos reservas\/ motor home necess\u00e1rio fazer reserva.<br \/>Valor da di\u00e1ria sofrem altera\u00e7\u00f5es em pacotes de r\u00e9veillon e carnaval.<\/p>\n<p>\u00a0<\/p>\n<p>\u00a0<\/p>\n<\/div>\n<\/div>\n<p><!-- \/wp:paragraph --><\/p>\t\t\t\t\t\t<\/div>\n\t\t\t\t<\/div>\n\t\t\t\t<div class=\"elementor-element elementor-element-3d1821b elementor-widget-divider--view-line elementor-widget elementor-widget-divider\" data-id=\"3d1821b\" data-element_type=\"widget\" data-widget_type=\"divider.default\">\n\t\t\t\t<div class=\"elementor-widget-container\">\n\t\t\t\t\t<div class=\"elementor-divider\">\n\t\t\t<span class=\"elementor-divider-separator\">\n\t\t\t\t\t\t<\/span>\n\t\t<\/div>\n\t\t\t\t<\/div>\n\t\t\t\t<\/div>\n\t\t\t\t<div class=\"elementor-element elementor-element-814ef36 elementor-widget elementor-widget-text-editor\" data-id=\"814ef36\" data-element_type=\"widget\" data-widget_type=\"text-editor.default\">\n\t\t\t\t<div class=\"elementor-widget-container\">\n\t\t\t\t\t\t\t<p><!-- wp:paragraph --><\/p>\n<p><strong>Chal\u00e9s de Alvenaria<\/strong><\/p>\n<p><strong>Crian\u00e7a at\u00e9 5 anos n\u00e3o paga<br \/>Di\u00e1ria das 18h \u00e0s 18h <\/strong>(liberamos a entrada a partir das 16h30).<strong><br \/><\/strong><br \/><strong>Uma di\u00e1ria:<\/strong><br \/>\u2022 R$ 220,00 por pessoa.<\/p>\n<p><strong>A partir de duas di\u00e1rias:<\/strong><br \/>\u2022 R$ 200,00 a di\u00e1ria por pessoa.<\/p>\n<p>\u00a0<\/p>\n<p>*Valor da di\u00e1ria sofrem altera\u00e7\u00f5es em pacotes de r\u00e9veillon e carnaval.<\/p>\n<p>\u00a0<\/p>\n<p>\u00a0<\/p>\n<p><!-- \/wp:paragraph --><!-- wp:paragraph --><\/p>\n<p><!-- \/wp:paragraph --><\/p>\t\t\t\t\t\t<\/div>\n\t\t\t\t<\/div>\n\t\t\t\t<div class=\"elementor-element elementor-element-111040a elementor-widget-divider--view-line elementor-widget elementor-widget-divider\" data-id=\"111040a\" data-element_type=\"widget\" data-widget_type=\"divider.default\">\n\t\t\t\t<div class=\"elementor-widget-container\">\n\t\t\t\t\t<div class=\"elementor-divider\">\n\t\t\t<span class=\"elementor-divider-separator\">\n\t\t\t\t\t\t<\/span>\n\t\t<\/div>\n\t\t\t\t<\/div>\n\t\t\t\t<\/div>\n\t\t\t\t<div class=\"elementor-element elementor-element-269670b elementor-widget elementor-widget-text-editor\" data-id=\"269670b\" data-element_type=\"widget\" data-widget_type=\"text-editor.default\">\n\t\t\t\t<div class=\"elementor-widget-container\">\n\t\t\t\t\t\t\t<p><!-- wp:paragraph --><\/p>\n<p><strong>Chal\u00e9s de madeira, sem fog\u00e3o e sem TV<br><\/strong><br><strong>Crian\u00e7a at\u00e9 5 anos n\u00e3o paga<\/strong><\/p>\n<p><strong>Uma di\u00e1ria:<\/strong><br>\u2022 R$ 210,00 por pessoa.<\/p>\n<p><strong>A partir de duas di\u00e1rias:<\/strong><br>\u2022 R$ 190,00 a di\u00e1ria por pessoa.<\/p>\n<p><\/p>\n<p>&#8211; Caf\u00e9 da manh\u00e3 incluso.<br>&#8211; \u00c9 necess\u00e1rio fazer reserva antecipada.<br>&#8211; Voltagem 220 V.<\/p>\n<p><\/p>\n<p>*Valor da di\u00e1ria sofrem altera\u00e7\u00f5es em pacotes de r\u00e9veillon e carnaval.<\/p>\n<p><\/p>\n<p><br><\/p>\n<p data-prosemirror-content-type=\"node\" data-prosemirror-node-name=\"paragraph\" data-prosemirror-node-block=\"true\" data-pm-slice=\"1 1 []\">\n<\/p><p><!-- \/wp:paragraph --><!-- wp:paragraph --><\/p>\n<p><!-- \/wp:paragraph --><\/p>\t\t\t\t\t\t<\/div>\n\t\t\t\t<\/div>\n\t\t\t\t<div class=\"elementor-element elementor-element-e99f477 elementor-widget-divider--view-line elementor-widget elementor-widget-divider\" data-id=\"e99f477\" data-element_type=\"widget\" data-widget_type=\"divider.default\">\n\t\t\t\t<div class=\"elementor-widget-container\">\n\t\t\t\t\t<div class=\"elementor-divider\">\n\t\t\t<span class=\"elementor-divider-separator\">\n\t\t\t\t\t\t<\/span>\n\t\t<\/div>\n\t\t\t\t<\/div>\n\t\t\t\t<\/div>\n\t\t\t\t<div class=\"elementor-element elementor-element-e8db129 elementor-widget elementor-widget-text-editor\" data-id=\"e8db129\" data-element_type=\"widget\" data-widget_type=\"text-editor.default\">\n\t\t\t\t<div class=\"elementor-widget-container\">\n\t\t\t\t\t\t\t<p><!-- wp:paragraph --><\/p>\n<p data-prosemirror-content-type=\"node\" data-prosemirror-node-name=\"paragraph\" data-prosemirror-node-block=\"true\" data-pm-slice=\"1 1 []\">Chal\u00e9s<strong> durante semana<\/strong><\/p>\n<p data-prosemirror-content-type=\"node\" data-prosemirror-node-name=\"paragraph\" data-prosemirror-node-block=\"true\" data-pm-slice=\"1 1 []\"><strong> Di\u00e1ria das 18hs \u00e0s 18hs, Crian\u00e7a at\u00e9 5anos n\u00e3o paga<\/strong><\/p>\n<p data-prosemirror-content-type=\"node\" data-prosemirror-node-name=\"paragraph\" data-prosemirror-node-block=\"true\" data-pm-slice=\"1 1 []\"><strong>&nbsp;<\/strong><\/p>\n<p data-prosemirror-content-type=\"node\" data-prosemirror-node-name=\"paragraph\" data-prosemirror-node-block=\"true\" data-pm-slice=\"1 1 []\">\n<\/p><p data-prosemirror-content-type=\"node\" data-prosemirror-node-name=\"paragraph\" data-prosemirror-node-block=\"true\"><strong>Chal\u00e9 de alvenaria:<\/strong> com cozinha e com TV<br data-prosemirror-content-type=\"node\" data-prosemirror-node-name=\"hardBreak\" data-prosemirror-node-inline=\"true\">Uma di\u00e1ria: R$140,00 por pessoa.<\/p>\n<p data-prosemirror-content-type=\"node\" data-prosemirror-node-name=\"paragraph\" data-prosemirror-node-block=\"true\">A partir de duas di\u00e1rias: R$120,00 \u00e1 di\u00e1ria por pessoa.<\/p>\n<p data-prosemirror-content-type=\"node\" data-prosemirror-node-name=\"paragraph\" data-prosemirror-node-block=\"true\">\n<\/p><p data-prosemirror-content-type=\"node\" data-prosemirror-node-name=\"paragraph\" data-prosemirror-node-block=\"true\"><strong>Chal\u00e9 de loca\u00e7\u00e3o de madeira:<\/strong> sem cozinha e sem TV<br data-prosemirror-content-type=\"node\" data-prosemirror-node-name=\"hardBreak\" data-prosemirror-node-inline=\"true\">Uma di\u00e1ria: R$130,00 por pessoa.<\/p>\n<p data-prosemirror-content-type=\"node\" data-prosemirror-node-name=\"paragraph\" data-prosemirror-node-block=\"true\">A partir de duas di\u00e1rias: R$110,00 \u00e1 di\u00e1ria por pessoa.<\/p>\n<p><\/p>\n<p><br>&#8211; \u00c9 necess\u00e1rio fazer reserva antecipada.<br>&#8211; Voltagem 220 V.<\/p>\n<p><\/p>\n<p>*Valor da di\u00e1ria sofrem altera\u00e7\u00f5es em pacotes de r\u00e9veillon e carnaval.<\/p>\n<p><\/p>\n<p><strong data-start=\"265\" data-end=\"338\">Os valores informados n\u00e3o se aplicam em per\u00edodos de f\u00e9rias escolares.<\/strong><\/p>\n<p data-prosemirror-content-type=\"node\" data-prosemirror-node-name=\"paragraph\" data-prosemirror-node-block=\"true\" data-pm-slice=\"1 1 []\">\n<\/p><p><!-- \/wp:paragraph --><!-- wp:paragraph --><\/p>\n<p><!-- \/wp:paragraph --><\/p>\t\t\t\t\t\t<\/div>\n\t\t\t\t<\/div>\n\t\t\t\t<div class=\"elementor-element elementor-element-6d90e47 elementor-widget-divider--view-line elementor-widget elementor-widget-divider\" data-id=\"6d90e47\" data-element_type=\"widget\" data-widget_type=\"divider.default\">\n\t\t\t\t<div class=\"elementor-widget-container\">\n\t\t\t\t\t<div class=\"elementor-divider\">\n\t\t\t<span class=\"elementor-divider-separator\">\n\t\t\t\t\t\t<\/span>\n\t\t<\/div>\n\t\t\t\t<\/div>\n\t\t\t\t<\/div>\n\t\t\t\t<div class=\"elementor-element elementor-element-5980b47 elementor-widget elementor-widget-text-editor\" data-id=\"5980b47\" data-element_type=\"widget\" data-widget_type=\"text-editor.default\">\n\t\t\t\t<div class=\"elementor-widget-container\">\n\t\t\t\t\t\t\t<p><!-- wp:paragraph --><\/p>\n<p><strong>IMPORTANTE<\/strong><br \/>\u2022 Necess\u00e1rio trazer roupa de cama e banho, utens\u00edlios de cozinha, ventilador e grelha pra churrasqueira, voltagem 220V.<br \/>\u2022 Em nosso site, em LOCA\u00c7\u00c3O DE CHAL\u00c9S, tem as fotos internas e externas de todos os chal\u00e9s.<br \/>\u2022 Valores das di\u00e1rias sofrem altera\u00e7\u00f5es em pacotes de r\u00e9veillon e carnaval.<br \/><br \/><\/p>\n<p><!-- \/wp:paragraph --><!-- wp:paragraph --><\/p>\n<p><!-- \/wp:paragraph --><\/p>\t\t\t\t\t\t<\/div>\n\t\t\t\t<\/div>\n\t\t\t\t\t<\/div>\n\t\t<\/div>\n\t\t\t\t\t\t\t<\/div>\n\t\t<\/section>\n\t\t\t\t\t\t\t<\/div>\n\t\t","protected":false},"excerpt":{"rendered":"<p>Tabela de Pre\u00e7os Day Use\u00a0 Das 7h \u00e0s 18hCrian\u00e7a at\u00e9 5 anos n\u00e3o paga \u00a0 \u2022 Por pessoa: R$ 75,00 \u2022 Casal: R$ 130,00 \u2022 Crian\u00e7as (6 a 10 anos): R$ 35,00 Observa\u00e7\u00e3o: N\u00e3o fazemos reserva, \u00e9 por ordem de chegada. \u00a0 Acampamento \/ Motorhome \u00a0 Crian\u00e7a at\u00e9 5 anos n\u00e3o paga Di\u00e1ria das 18h [&hellip;]<\/p>\n","protected":false},"author":1,"featured_media":0,"parent":0,"menu_order":0,"comment_status":"closed","ping_status":"closed","template":"elementor_header_footer","meta":{"footnotes":""},"_links":{"self":[{"href":"https:\/\/campingpaineiras.com.br\/index.php?rest_route=\/wp\/v2\/pages\/562"}],"collection":[{"href":"https:\/\/campingpaineiras.com.br\/index.php?rest_route=\/wp\/v2\/pages"}],"about":[{"href":"https:\/\/campingpaineiras.com.br\/index.php?rest_route=\/wp\/v2\/types\/page"}],"author":[{"embeddable":true,"href":"https:\/\/campingpaineiras.com.br\/index.php?rest_route=\/wp\/v2\/users\/1"}],"replies":[{"embeddable":true,"href":"https:\/\/campingpaineiras.com.br\/index.php?rest_route=%2Fwp%2Fv2%2Fcomments&post=562"}],"version-history":[{"count":82,"href":"https:\/\/campingpaineiras.com.br\/index.php?rest_route=\/wp\/v2\/pages\/562\/revisions"}],"predecessor-version":[{"id":1251,"href":"https:\/\/campingpaineiras.com.br\/index.php?rest_route=\/wp\/v2\/pages\/562\/revisions\/1251"}],"wp:attachment":[{"href":"https:\/\/campingpaineiras.com.br\/index.php?rest_route=%2Fwp%2Fv2%2Fmedia&parent=562"}],"curies":[{"name":"wp","href":"https:\/\/api.w.org\/{rel}","templated":true}]}}