{"id":560,"date":"2023-08-21T13:33:15","date_gmt":"2023-08-21T16:33:15","guid":{"rendered":"https:\/\/campingpaineiras.com.br\/?page_id=560"},"modified":"2023-08-21T16:14:26","modified_gmt":"2023-08-21T19:14:26","slug":"regulamento-interno","status":"publish","type":"page","link":"https:\/\/campingpaineiras.com.br\/?page_id=560","title":{"rendered":"Regulamento Interno"},"content":{"rendered":"\t\t<div data-elementor-type=\"wp-page\" data-elementor-id=\"560\" class=\"elementor elementor-560\">\n\t\t\t\t\t\t\t\t\t<section class=\"elementor-section elementor-top-section elementor-element elementor-element-727fe6c2 elementor-section-boxed elementor-section-height-default elementor-section-height-default wpr-particle-no wpr-jarallax-no wpr-parallax-no wpr-sticky-section-no\" data-id=\"727fe6c2\" data-element_type=\"section\">\n\t\t\t\t\t\t<div class=\"elementor-container elementor-column-gap-default\">\n\t\t\t\t\t<div class=\"elementor-column elementor-col-100 elementor-top-column elementor-element elementor-element-6e1dea20\" data-id=\"6e1dea20\" data-element_type=\"column\">\n\t\t\t<div class=\"elementor-widget-wrap elementor-element-populated\">\n\t\t\t\t\t\t\t\t<div class=\"elementor-element elementor-element-effc93d elementor-widget elementor-widget-heading\" data-id=\"effc93d\" data-element_type=\"widget\" data-widget_type=\"heading.default\">\n\t\t\t\t<div class=\"elementor-widget-container\">\n\t\t\t<style>\/*! elementor - v3.14.0 - 26-06-2023 *\/\n.elementor-heading-title{padding:0;margin:0;line-height:1}.elementor-widget-heading .elementor-heading-title[class*=elementor-size-]>a{color:inherit;font-size:inherit;line-height:inherit}.elementor-widget-heading .elementor-heading-title.elementor-size-small{font-size:15px}.elementor-widget-heading .elementor-heading-title.elementor-size-medium{font-size:19px}.elementor-widget-heading .elementor-heading-title.elementor-size-large{font-size:29px}.elementor-widget-heading .elementor-heading-title.elementor-size-xl{font-size:39px}.elementor-widget-heading .elementor-heading-title.elementor-size-xxl{font-size:59px}<\/style><h2 class=\"elementor-heading-title elementor-size-default\">Regulamento Interno<\/h2>\t\t<\/div>\n\t\t\t\t<\/div>\n\t\t\t\t<div class=\"elementor-element elementor-element-7f30d669 elementor-widget elementor-widget-text-editor\" data-id=\"7f30d669\" data-element_type=\"widget\" data-widget_type=\"text-editor.default\">\n\t\t\t\t<div class=\"elementor-widget-container\">\n\t\t\t<style>\/*! elementor - v3.14.0 - 26-06-2023 *\/\n.elementor-widget-text-editor.elementor-drop-cap-view-stacked .elementor-drop-cap{background-color:#69727d;color:#fff}.elementor-widget-text-editor.elementor-drop-cap-view-framed .elementor-drop-cap{color:#69727d;border:3px solid;background-color:transparent}.elementor-widget-text-editor:not(.elementor-drop-cap-view-default) .elementor-drop-cap{margin-top:8px}.elementor-widget-text-editor:not(.elementor-drop-cap-view-default) .elementor-drop-cap-letter{width:1em;height:1em}.elementor-widget-text-editor .elementor-drop-cap{float:left;text-align:center;line-height:1;font-size:50px}.elementor-widget-text-editor .elementor-drop-cap-letter{display:inline-block}<\/style>\t\t\t\t<!-- wp:paragraph -->\n<p>Ao chegar a nossa Recep\u00e7\u00e3o, o REGULAMENTO com as normas do Camping Paineiras dever\u00e1 ser lido. Leia-o atentamente. O desconhecimento dos itens do regulamento, n\u00e3o o escusa de seu cumprimento e resultar\u00e1 no cancelamento de sua perman\u00eancia, sem direito a restitui\u00e7\u00e3o.<\/p>\n<!-- \/wp:paragraph -->\n\n<!-- wp:paragraph -->\n<p><strong>Camping familiar:<\/strong><\/p>\n<!-- \/wp:paragraph -->\n\n<!-- wp:list -->\n<ul><!-- wp:list-item -->\n<li>A voltagem do Camping \u00e9 220 V.<\/li>\n<!-- \/wp:list-item -->\n\n<!-- wp:list-item -->\n<li>Proibido garrafas e copos de vidro na \u00e1rea das piscinas.<\/li>\n<!-- \/wp:list-item -->\n\n<!-- wp:list-item -->\n<li>Proibido o uso de som automotivo em qualquer hor\u00e1rio.<\/li>\n<!-- \/wp:list-item -->\n\n<!-- wp:list-item -->\n<li>N\u00e3o s\u00e3o inclu\u00eddos roupas de cama e banho ou utens\u00edlios de cozinha e churrasqueira.<\/li>\n<!-- \/wp:list-item -->\n\n<!-- wp:list-item -->\n<li>\u00c9 permitida a entrada de c\u00e3es de pequeno porte no Camping. Necess\u00e1rio que permane\u00e7am presos na coleira com guia.<\/li>\n<!-- \/wp:list-item -->\n\n<!-- wp:list-item -->\n<li>\u00c9 expressamente proibida a entrada de c\u00e3es nas \u00e1reas delimitadas, como piscinas e restaurante. (\u201cVida de c\u00e3o\u201d)<\/li>\n<!-- \/wp:list-item -->\n\n<!-- wp:list-item -->\n<li>Hor\u00e1rio de sil\u00eancio das 22h00 \u00e0s 07h00 (art. 42 da LCP c\/c art. 1.277 do CC: \u201cLei do Sil\u00eancio\u201d)<\/li>\n<!-- \/wp:list-item -->\n\n<!-- wp:list-item -->\n<li>Forma de pagamento: dinheiro, cart\u00f5es Visa, Master e Elo, no d\u00e9bito ou cr\u00e9dito. N\u00e3o aceitamos cheques.<\/li>\n<!-- \/wp:list-item -->\n\n<!-- wp:list-item -->\n<li>Confira sua conta e pague-a diretamente no restaurante no final de sua estada.<\/li>\n<!-- \/wp:list-item --><\/ul>\n<!-- \/wp:list -->\n\n<!-- wp:paragraph -->\n<p><strong><u>REGIMENTO INTERNO DO CAMPING FAZENDA PAINEIRAS DE ITU<\/u><\/strong><\/p>\n<!-- \/wp:paragraph -->\n\n<!-- wp:list {\"ordered\":true,\"type\":\"1\"} -->\n<ol type=\"1\"><!-- wp:list-item -->\n<li>Para adentrar e\/ou hospedar no Camping \u00e9 obrigat\u00f3rio apresentar, no ato da sua chegada, a carteira de identidade do titular e dos dependentes e\/ou convidados (ou equivalente) sempre que exigido. Cada usu\u00e1rio ser\u00e1 devidamente cadastrado na administra\u00e7\u00e3o do Camping.<\/li>\n<!-- \/wp:list-item -->\n\n<!-- wp:list-item -->\n<li>A di\u00e1ria estabelecida pela administra\u00e7\u00e3o para day use ter\u00e1 in\u00edcio \u00e0s 07h00 e t\u00e9rmino \u00e0s 18h00 do mesmo dia, para acampamento e chal\u00e9s de loca\u00e7\u00e3o ter\u00e1 in\u00edcio \u00e0s 18h00 e t\u00e9rmino \u00e0s 18h00 do dia seguinte. Ser\u00e1 aceito uma toler\u00e2ncia de 01h00. Ap\u00f3s este per\u00edodo, ser\u00e1 cobrado mais uma di\u00e1ria.<\/li>\n<!-- \/wp:list-item -->\n\n<!-- wp:list-item -->\n<li><strong>Reservas:<\/strong><\/li>\n<!-- \/wp:list-item --><\/ol>\n<!-- \/wp:list -->\n\n<!-- wp:paragraph -->\n<p>a) As reservas em chal\u00e9s somente ser\u00e3o confirmadas ap\u00f3s efetiva\u00e7\u00e3o de dep\u00f3sito de 50% do valor reservado, com no m\u00ednimo tr\u00eas dias de anteced\u00eancia (exceto dep\u00f3sitos efetuados na boca do caixa), e contato com o Camping atrav\u00e9s de e-mail ou whatsapp enviando a c\u00f3pia do comprovante.<\/p>\n<!-- \/wp:paragraph -->\n\n<!-- wp:paragraph -->\n<p>b) Passada a data e hor\u00e1rio estipulados para o dep\u00f3sito de confirma\u00e7\u00e3o da reserva e o n\u00e3o envio de comprovante, o Camping cancelar\u00e1 automaticamente a pr\u00e9-reserva.<\/p>\n<!-- \/wp:paragraph -->\n\n<!-- wp:list -->\n<ul><!-- wp:list-item -->\n<li><strong>Cancelamento de Reserva<\/strong>:<\/li>\n<!-- \/wp:list-item --><\/ul>\n<!-- \/wp:list -->\n\n<!-- wp:paragraph -->\n<p>a) Ap\u00f3s o dep\u00f3sito de confirma\u00e7\u00e3o, sendo feita a solicita\u00e7\u00e3o de cancelamento at\u00e9 48 horas antes do check-in: ser\u00e1 devolvido o valor depositado com reten\u00e7\u00e3o de 10% referente a taxas administrativas ou o cliente ficar\u00e1 com um cr\u00e9dito do valor para ser utilizado no Camping em um prazo de seis meses.<\/p>\n<!-- \/wp:paragraph -->\n\n<!-- wp:paragraph -->\n<p>b) Ap\u00f3s dep\u00f3sito de confirma\u00e7\u00e3o, sendo feita a solicita\u00e7\u00e3o de cancelamento com menos de 48 horas antes do check-in: o dep\u00f3sito ter\u00e1 reten\u00e7\u00e3o total do valor efetuado.<\/p>\n<!-- \/wp:paragraph -->\n\n<!-- wp:paragraph -->\n<p>c) O n\u00e3o comparecimento sem comunica\u00e7\u00e3o pr\u00e9via por escrito, na data prevista de chegada, ser\u00e1 considerado \u201cno show\u201d (desist\u00eancia sem cancelamento). A vaga permanecer\u00e1 dispon\u00edvel at\u00e9 o meio dia do dia seguinte. Ap\u00f3s este per\u00edodo a reserva ser\u00e1 cancelada. N\u00e3o haver\u00e1 restitui\u00e7\u00e3o do valor pago em hip\u00f3tese alguma, inclusive por motivo de caso de fortuito ou for\u00e7a maior comprovados.<\/p>\n<!-- \/wp:paragraph -->\n\n<!-- wp:paragraph -->\n<p>d) Alta temporada (de Outubro a Mar\u00e7o, Feriados, Natal, Reveill\u00f3n, Carnaval e outros)<\/p>\n<!-- \/wp:paragraph -->\n\n<!-- wp:paragraph -->\n<p>Cancelamento com at\u00e9 60 dias de anteced\u00eancia: reten\u00e7\u00e3o de 25% do valor total da loca\u00e7\u00e3o;<\/p>\n<!-- \/wp:paragraph -->\n\n<!-- wp:paragraph -->\n<p>Cancelamento entre 60 e 30 dias de anteced\u00eancia: reten\u00e7\u00e3o de 50% do total da loca\u00e7\u00e3o;<\/p>\n<!-- \/wp:paragraph -->\n\n<!-- wp:paragraph -->\n<p>Cancelamento com menos de 30 dias: n\u00e3o haver\u00e1 restitui\u00e7\u00e3o.<\/p>\n<!-- \/wp:paragraph -->\n\n<!-- wp:list -->\n<ul><!-- wp:list-item -->\n<li><strong>Desist\u00eancia ap\u00f3s entrada<\/strong>: a desist\u00eancia ap\u00f3s a entrada, como tamb\u00e9m a sa\u00edda antecipada por qualquer motivo, n\u00e3o dar\u00e1 o direito a qualquer tipo de restitui\u00e7\u00e3o, reembolso em dinheiro ou cr\u00e9dito em novas di\u00e1rias, acarretando a perda total da quantia paga pelo pacote ou di\u00e1ria.<\/li>\n<!-- \/wp:list-item -->\n\n<!-- wp:list-item -->\n<li>O saldo do pagamento das di\u00e1rias ser\u00e1 cobrado no check-in inclusive nos casos de hospedagem sem reserva, dever\u00e1 ser pago em dinheiro, ou cart\u00f5es Mastercard, Visa ou Elo (n\u00e3o aceitamos cheques).<\/li>\n<!-- \/wp:list-item -->\n\n<!-- wp:list-item -->\n<li>Despesas a serem pagas no check-out \u00e0 vista: consumo n\u00e3o pago no restaurante, materiais emprestados de qualquer setor do Camping n\u00e3o entregues na recep\u00e7\u00e3o no check-out, poss\u00edveis danos em m\u00f3veis e equipamentos.<\/li>\n<!-- \/wp:list-item -->\n\n<!-- wp:list-item -->\n<li>O pagamento antecipado da di\u00e1ria estipulada pelo Camping estar\u00e1 sujeito \u00e0 confer\u00eancia na sa\u00edda, na hip\u00f3tese de existir eventual diferen\u00e7a.<\/li>\n<!-- \/wp:list-item -->\n\n<!-- wp:list-item -->\n<li>O titular campista poder\u00e1 se beneficiar do <em>Ingresso Especial<\/em> para os seus convidados, desde que n\u00e3o estejam em atraso com suas mensalidades ou quaisquer outras restri\u00e7\u00f5es perante a administra\u00e7\u00e3o do Camping. O convidado, de posse do <em>Ingresso Especial<\/em>, dever\u00e1 instalar-se no equipamento do Mensalista. O per\u00edodo da di\u00e1ria \u00e9 das 18h00 de um dia \u00e0s 22h00 do dia seguinte. \u00c9 OBRIGAT\u00d3RIA a entrega do <em>Ingresso Especial<\/em> na chegada do convidado ao Camping, caso contr\u00e1rio, ser\u00e1 cobrado o valor integral da di\u00e1ria normal vigente, n\u00e3o podendo mais ser pagas com <em>\u201cIngresso Especial\u201d.<\/em> N\u00e3o ser\u00e1 aceito per\u00edodo relativo \u00e0 REVEILL\u00d3N e CARNAVAL.<\/li>\n<!-- \/wp:list-item -->\n\n<!-- wp:list-item -->\n<li>O prazo de perman\u00eancia no Camping para as visitas \u00e9 de 30 (trinta) minutos, no hor\u00e1rio compreendido entre 07h00 \u00e0s 17h00. N\u00e3o podendo as mesmas usufruir do Camping. Em caso de n\u00e3o cumprimento do hor\u00e1rio, acarretar\u00e1 no pagamento da di\u00e1ria.<\/li>\n<!-- \/wp:list-item -->\n\n<!-- wp:list-item -->\n<li>A voltagem do Camping \u00e9 <strong>220 V.<\/strong><\/li>\n<!-- \/wp:list-item -->\n\n<!-- wp:list-item -->\n<li>Fica a todos os usu\u00e1rios o direito de uso comum da \u00e1rea de lazer do Camping, que dever\u00e1 ser mantida limpa, inclusive cabendo aos usu\u00e1rios preservar tal limpeza, bem como as \u00e1reas de preserva\u00e7\u00e3o ambiental.<\/li>\n<!-- \/wp:list-item -->\n\n<!-- wp:list-item -->\n<li>O funcionamento do Camping \u00e9 aos finais de semana, feriados e v\u00e9speras, e f\u00e9rias, sendo que a \u00e1rea de lazer do Camping permanecer\u00e1 aberta das 07h00 \u00e0s 20h00 e quadras at\u00e9 \u00e0s 22h00.<\/li>\n<!-- \/wp:list-item -->\n\n<!-- wp:list-item -->\n<li>As \u00e1reas de estacionamento do Camping dever\u00e3o ser respeitadas.<\/li>\n<!-- \/wp:list-item -->\n\n<!-- wp:list-item -->\n<li><strong>\u00c9 expressamente proibido:<\/strong><\/li>\n<!-- \/wp:list-item -->\n\n<!-- wp:list-item -->\n<li>Garrafas, objetos de vidro e ou similares na \u00e1rea das piscinas;<\/li>\n<!-- \/wp:list-item -->\n\n<!-- wp:list-item -->\n<li>Entrar e permanecer com alimenta\u00e7\u00e3o e bebidas \u00e0 beira das piscinas, como tamb\u00e9m andar de bicicleta, jogar bola nesta \u00e1rea. N\u00e3o \u00e9 permitida a entrada de boias infl\u00e1veis para adultos nas piscinas (ex: colch\u00f5es infl\u00e1veis e similares);<\/li>\n<!-- \/wp:list-item -->\n\n<!-- wp:list-item -->\n<li>Nadar de bermuda jeans e\/ou camiseta, sendo o traje permitido biqu\u00ednis ou mai\u00f4s, sungas e\/ou bermuda de taquitel;<\/li>\n<!-- \/wp:list-item -->\n\n<!-- wp:list-item -->\n<li>Usar chuteiras com cravos no campo de futebol;<\/li>\n<!-- \/wp:list-item -->\n\n<!-- wp:list-item -->\n<li>Montar barracas nas \u00e1reas reservadas para chal\u00e9s e trailers;<\/li>\n<!-- \/wp:list-item -->\n\n<!-- wp:list-item -->\n<li>A perman\u00eancia de menores no Camping sem a presen\u00e7a de um respons\u00e1vel legal;<\/li>\n<!-- \/wp:list-item -->\n\n<!-- wp:list-item -->\n<li>Menores dirigindo ve\u00edculos motorizados (carros, motos, mobiletes, mini buggys e an\u00e1logos) nas depend\u00eancias do Camping;<\/li>\n<!-- \/wp:list-item -->\n\n<!-- wp:list-item -->\n<li>Som automotivo ou similares dentro do Camping;<\/li>\n<!-- \/wp:list-item -->\n\n<!-- wp:list-item -->\n<li>Uso de botes, caiaques e equivalentes;<\/li>\n<!-- \/wp:list-item -->\n\n<!-- wp:list-item -->\n<li>Deteriorar, estragar \u00e1rvores e plantas;<\/li>\n<!-- \/wp:list-item -->\n\n<!-- wp:list-item -->\n<li>Portar arma de fogo (mesmo com permiss\u00e3o de autoridade competente), e simulacros de mola ou a ar comprimido, estilingues, atiradeiras, etc; nas depend\u00eancias do Camping;<\/li>\n<!-- \/wp:list-item -->\n\n<!-- wp:list-item -->\n<li>Drogas psicotr\u00f3picas de qualquer natureza (proibitivas por Lei), mesmo para uso medicinal;<\/li>\n<!-- \/wp:list-item -->\n\n<!-- wp:list-item -->\n<li>Acender fogueiras, bal\u00f5es, e tudo mais que ensejar fogo;<\/li>\n<!-- \/wp:list-item -->\n\n<!-- wp:list-item -->\n<li>Utilizar de modo indevido todas as instala\u00e7\u00f5es existentes no Camping;<\/li>\n<!-- \/wp:list-item -->\n\n<!-- wp:list-item -->\n<li>Jogar detritos ou fazer uso inadequado das piscinas e dos lagos;<\/li>\n<!-- \/wp:list-item -->\n\n<!-- wp:list-item -->\n<li>Entrar nos setores restritos a funcion\u00e1rios (casa de m\u00e1quinas de piscinas e sauna, cozinha, recep\u00e7\u00e3o etc);<\/li>\n<!-- \/wp:list-item -->\n\n<!-- wp:list-item -->\n<li>C\u00e3es de ra\u00e7as consideradas agressivas (pit bull, rotweiller e outras).<\/li>\n<!-- \/wp:list-item --><\/ul>\n<!-- \/wp:list -->\n\n<!-- wp:list {\"ordered\":true,\"type\":\"1\"} -->\n<ol type=\"1\"><!-- wp:list-item -->\n<li>O Camping n\u00e3o se responsabiliza, civil ou criminalmente, pela instala\u00e7\u00e3o indevida realizada pelos usu\u00e1rios, de quaisquer equipamentos instalados em chal\u00e9s, trailers, barracas ou outra \u00e1rea.<\/li>\n<!-- \/wp:list-item -->\n\n<!-- wp:list-item -->\n<li>O usu\u00e1rio dever\u00e1 respeitar o sil\u00eancio total pr\u00e9-estabelecido, compreendido das 22h00 \u00e0s 07h00. Hor\u00e1rio diverso ser\u00e1 observado o volume em decib\u00e9is (unidade de medida de ru\u00eddo), utilizando-se do bom senso que n\u00e3o incomode seu vizinho. Seu direito vai at\u00e9 onde come\u00e7ar a do outro. O n\u00e3o cumprimento desta norma ensejar\u00e1 ao titular, advert\u00eancia, podendo o mesmo a ser convidado a se retirar do Camping, e at\u00e9 ao pagamento de multa no valor de um sal\u00e1rio m\u00ednimo vigente. Em dias festivos, ser\u00e1 permitida a realiza\u00e7\u00e3o de eventos, ap\u00f3s referido hor\u00e1rio, apenas e t\u00e3o somente na \u00e1rea de lazer (sal\u00e3o de festas ou similares) estipulada pelo Camping.<\/li>\n<!-- \/wp:list-item -->\n\n<!-- wp:list-item -->\n<li>O funcionamento da sauna \u00e9 o seguinte: Sextas-feiras das 17h00 \u00e0s 20h00, S\u00e1bados e feriados das 16h30 \u00e0s 20h00, Domingos das 16h30 \u00e0s 19h00.<\/li>\n<!-- \/wp:list-item -->\n\n<!-- wp:list-item -->\n<li>A montagem e desmontagem de qualquer equipamento el\u00e9trico, eletr\u00f4nico ou n\u00e3o, \u00e9 sempre de responsabilidade do campista, isentando o Camping civil ou criminalmente.<\/li>\n<!-- \/wp:list-item -->\n\n<!-- wp:list-item -->\n<li>Animais n\u00e3o poder\u00e3o permanecer soltos nas depend\u00eancias do Camping, devendo permanecer presos nos trailers, chal\u00e9s ou barracas. As caminhadas com animal devem ser sempre com guia (coleira) e acompanhado de seu propriet\u00e1rio. Os animais que est\u00e3o acostumados a fazer suas necessidades fisiol\u00f3gicas passeando, dever\u00e3o ser recolhidos no ato pelo propriet\u00e1rio do mesmo. Os animais de temperamentos agressivos dever\u00e3o utilizar focinheiras independente de seu porte. Para entrar com seu c\u00e3ozinho nas depend\u00eancias do Camping o propriet\u00e1rio deve apresentar a carteira de vacina\u00e7\u00e3o em dia. Se por qualquer infelicidade houver um acidente envolvendo qualquer animal, o propriet\u00e1rio se responsabilizar\u00e1 conforme as Legisla\u00e7\u00f5es pertinentes \u00e0 esp\u00e9cie, indenizando a v\u00edtima, se for o caso. S\u00e3o restritas as \u00e1reas de piscina, restaurante, lanchonete e playgrounds para passeios.<\/li>\n<!-- \/wp:list-item -->\n\n<!-- wp:list-item -->\n<li>Os usu\u00e1rios dever\u00e3o obedecer \u00e0s placas de sinaliza\u00e7\u00e3o. Em caso de n\u00e3o cumprimento, estar\u00e3o sujeitos ao pagamento de multa no valor de um sal\u00e1rio m\u00ednimo vigente.<\/li>\n<!-- \/wp:list-item -->\n\n<!-- wp:list-item -->\n<li>\u00c9 dever do usu\u00e1rio comunicar ocorr\u00eancia de doen\u00e7a infecto-contagiosa.<\/li>\n<!-- \/wp:list-item -->\n\n<!-- wp:list-item -->\n<li>O usu\u00e1rio \u00e9 o \u00fanico respons\u00e1vel por seus objetos deixados em barracas, trailers, chal\u00e9s, bem como nas depend\u00eancias de uso comum do Camping. O Camping \u00e9 totalmente isento de qualquer responsabilidade sobre objetos deixados nestes locais e apenas poder\u00e1 ser respons\u00e1vel por objetos entregues diretamente na administra\u00e7\u00e3o e formalmente registrados.<\/li>\n<!-- \/wp:list-item -->\n\n<!-- wp:list-item -->\n<li>O campista assume total e exclusiva responsabilidade pelos danos que possa causar \u00e0s pessoas, aos ve\u00edculos e\/ou a outros, equipamentos ou instala\u00e7\u00f5es do Camping e ou de outros usu\u00e1rios ou funcion\u00e1rios do Camping. O dano ser\u00e1 sempre reparado e de responsabilidade absoluta do causador direto. O Camping n\u00e3o ter\u00e1 qualquer responsabilidade de qualquer natureza pelos danos sofridos pelo campista, seus familiares e\/ou convidados, como tamb\u00e9m de seus equipamentos ou ve\u00edculos (incluindo roubo, furto, inc\u00eandios, casos fortuitos ou de for\u00e7a maior, entre outros).<\/li>\n<!-- \/wp:list-item -->\n\n<!-- wp:list-item -->\n<li>O Camping \u00e9 isento de qualquer responsabilidade civil ou criminal pela distribui\u00e7\u00e3o indevida de energia el\u00e9trica da rede central prim\u00e1ria que serve o Camping at\u00e9 o local final pelo usu\u00e1rio.<\/li>\n<!-- \/wp:list-item -->\n\n<!-- wp:list-item -->\n<li>O equipamento de campismo (trailer, chal\u00e9) que permanecer nas benfeitorias do m\u00f3dulo cedido, cabe ao campista titular a obriga\u00e7\u00e3o do pagamento da taxa de utiliza\u00e7\u00e3o pela presta\u00e7\u00e3o de servi\u00e7os. O Camping fica, desde j\u00e1, autorizado a remover o equipamento para um local que n\u00e3o impe\u00e7a a livre utiliza\u00e7\u00e3o do espa\u00e7o. O Camping fica isento de qualquer responsabilidade pela conserva\u00e7\u00e3o de tais equipamentos ou de qualquer dano causado pela remo\u00e7\u00e3o e guarda dos mesmos. Os custos para guardar e remover tais equipamentos s\u00e3o de exclusiva responsabilidade do campista titular.<\/li>\n<!-- \/wp:list-item -->\n\n<!-- wp:list-item -->\n<li>Os quadros de avisos dispon\u00edveis e seus comunicados dever\u00e3o ser lidos e obedecidos por todos os usu\u00e1rios.<\/li>\n<!-- \/wp:list-item -->\n\n<!-- wp:list-item -->\n<li>O campista que desejar fazer sugest\u00e3o ou reclama\u00e7\u00e3o dever\u00e1 faz\u00ea-la por e-mail ou pessoalmente na recep\u00e7\u00e3o do Camping.<\/li>\n<!-- \/wp:list-item -->\n\n<!-- wp:list-item -->\n<li>O campista desde j\u00e1 fica obrigado a reservar ao Camping o direito de regresso por eventuais preju\u00edzos causados direta ou indiretamente pelos mesmos, seus dependentes e convidados.<\/li>\n<!-- \/wp:list-item -->\n\n<!-- wp:list-item -->\n<li>O Campista que n\u00e3o respeitar o Regulamento Interno, funcion\u00e1rios, seguran\u00e7as, gerente, ser\u00e1 advertido, podendo o mesmo ser convidado a se retirar do Camping, e\/ou o pagamento de multa no valor de um sal\u00e1rio m\u00ednimo vigente. Do mesmo modo, aquele que n\u00e3o se comportar dentro dos par\u00e2metros morais socialmente exigidos e agir de maneira indecorosa.<\/li>\n<!-- \/wp:list-item -->\n\n<!-- wp:list-item -->\n<li>Restaurante:<\/li>\n<!-- \/wp:list-item -->\n\n<!-- wp:list-item -->\n<li>Hor\u00e1rio de funcionamento: Sexta-feira: 09h00 \u00e0s 22h00; S\u00e1bado: 08h00 \u00e0s 22h30, Domingo e feriados: 08h00 \u00e0s 18h00.<\/li>\n<!-- \/wp:list-item -->\n\n<!-- wp:list-item -->\n<li>O caf\u00e9 da manh\u00e3 ser\u00e1 servido das 08h00 \u00e0s 10h00.<\/li>\n<!-- \/wp:list-item -->\n\n<!-- wp:list-item -->\n<li>Para abrir uma conta, o h\u00f3spede dever\u00e1 se dirigir ao caixa do restaurante em posse do extrato de conta de h\u00f3spede. Antes de ir embora, o h\u00f3spede dever\u00e1 encerrar sua conta no caixa do restaurante e apresentar o extrato de conta na recep\u00e7\u00e3o.<\/li>\n<!-- \/wp:list-item --><\/ol>\n<!-- \/wp:list -->\n\n<!-- wp:paragraph -->\n<p><strong>32-<\/strong> \u00c9 vedada ao campista a perman\u00eancia no camping para fins de moradia.<\/p>\n<!-- \/wp:paragraph -->\n\n<!-- wp:paragraph -->\n<p><strong>33-<\/strong> A administra\u00e7\u00e3o do Camping se reserva no direito, sempre que achar necess\u00e1rio, fazer mudan\u00e7as nas normas do Regimento Interno, sem pr\u00e9vio aviso, mas comunicando, sempre, os usu\u00e1rios titulares de tais altera\u00e7\u00f5es.<strong>Camping Fazenda Paineiras de Itu Ltda.<\/strong><\/p>\n<!-- \/wp:paragraph -->\t\t\t\t\t\t<\/div>\n\t\t\t\t<\/div>\n\t\t\t\t\t<\/div>\n\t\t<\/div>\n\t\t\t\t\t\t\t<\/div>\n\t\t<\/section>\n\t\t\t\t\t\t\t<\/div>\n\t\t","protected":false},"excerpt":{"rendered":"<p>Regulamento Interno Ao chegar a nossa Recep\u00e7\u00e3o, o REGULAMENTO com as normas do Camping Paineiras dever\u00e1 ser lido. Leia-o atentamente. O desconhecimento dos itens do regulamento, n\u00e3o o escusa de seu cumprimento e resultar\u00e1 no cancelamento de sua perman\u00eancia, sem direito a restitui\u00e7\u00e3o. Camping familiar: REGIMENTO INTERNO DO CAMPING FAZENDA PAINEIRAS DE ITU a) As [&hellip;]<\/p>\n","protected":false},"author":1,"featured_media":0,"parent":0,"menu_order":0,"comment_status":"closed","ping_status":"closed","template":"elementor_header_footer","meta":{"footnotes":""},"_links":{"self":[{"href":"https:\/\/campingpaineiras.com.br\/index.php?rest_route=\/wp\/v2\/pages\/560"}],"collection":[{"href":"https:\/\/campingpaineiras.com.br\/index.php?rest_route=\/wp\/v2\/pages"}],"about":[{"href":"https:\/\/campingpaineiras.com.br\/index.php?rest_route=\/wp\/v2\/types\/page"}],"author":[{"embeddable":true,"href":"https:\/\/campingpaineiras.com.br\/index.php?rest_route=\/wp\/v2\/users\/1"}],"replies":[{"embeddable":true,"href":"https:\/\/campingpaineiras.com.br\/index.php?rest_route=%2Fwp%2Fv2%2Fcomments&post=560"}],"version-history":[{"count":4,"href":"https:\/\/campingpaineiras.com.br\/index.php?rest_route=\/wp\/v2\/pages\/560\/revisions"}],"predecessor-version":[{"id":601,"href":"https:\/\/campingpaineiras.com.br\/index.php?rest_route=\/wp\/v2\/pages\/560\/revisions\/601"}],"wp:attachment":[{"href":"https:\/\/campingpaineiras.com.br\/index.php?rest_route=%2Fwp%2Fv2%2Fmedia&parent=560"}],"curies":[{"name":"wp","href":"https:\/\/api.w.org\/{rel}","templated":true}]}}